{"id":81,"date":"2024-01-20T12:21:42","date_gmt":"2024-01-20T15:21:42","guid":{"rendered":"https:\/\/tonyberchmans.com.br\/?page_id=81"},"modified":"2026-01-31T07:05:03","modified_gmt":"2026-01-31T10:05:03","slug":"band","status":"publish","type":"page","link":"https:\/\/tonyberchmans.com.br\/?page_id=81","title":{"rendered":"Projetos"},"content":{"rendered":"\n<div style=\"height:40px\" aria-hidden=\"true\" class=\"wp-block-spacer\"><\/div>\n\n\n\n<div class=\"wp-block-columns is-layout-flex wp-container-core-columns-is-layout-9d6595d7 wp-block-columns-is-layout-flex\">\n<div class=\"wp-block-column is-vertically-aligned-top is-layout-flow wp-block-column-is-layout-flow\">\n<h2 class=\"wp-block-heading is-style-small-text\" style=\"margin-top:0px;margin-right:0px;margin-bottom:0px;margin-left:0px\"><mark style=\"background-color:rgba(0, 0, 0, 0)\" class=\"has-inline-color has-main-color\">PERFORMANCE<\/mark><\/h2>\n\n\n\n<h2 class=\"wp-block-heading is-style-text-outline has-xl-font-size\" style=\"margin-top:0px;margin-right:0px;margin-bottom:20px;margin-left:0px\">BERG<\/h2>\n<\/div>\n\n\n\n<div class=\"wp-block-column is-layout-flow wp-block-column-is-layout-flow\">\n<figure class=\"wp-block-image aligncenter size-large is-style-default\"><img loading=\"lazy\" decoding=\"async\" width=\"1024\" height=\"684\" src=\"https:\/\/tonyberchmans.com.br\/wp-content\/uploads\/2026\/01\/437851375_825831202904308_789068708800617900_n-1024x684.jpeg\" alt=\"\" class=\"wp-image-311\" srcset=\"https:\/\/tonyberchmans.com.br\/wp-content\/uploads\/2026\/01\/437851375_825831202904308_789068708800617900_n-1024x684.jpeg 1024w, https:\/\/tonyberchmans.com.br\/wp-content\/uploads\/2026\/01\/437851375_825831202904308_789068708800617900_n-300x200.jpeg 300w, https:\/\/tonyberchmans.com.br\/wp-content\/uploads\/2026\/01\/437851375_825831202904308_789068708800617900_n-768x513.jpeg 768w, https:\/\/tonyberchmans.com.br\/wp-content\/uploads\/2026\/01\/437851375_825831202904308_789068708800617900_n-1536x1025.jpeg 1536w, https:\/\/tonyberchmans.com.br\/wp-content\/uploads\/2026\/01\/437851375_825831202904308_789068708800617900_n-1140x761.jpeg 1140w, https:\/\/tonyberchmans.com.br\/wp-content\/uploads\/2026\/01\/437851375_825831202904308_789068708800617900_n.jpeg 2048w\" sizes=\"auto, (max-width: 1024px) 100vw, 1024px\" \/><\/figure>\n<\/div>\n\n\n\n<div class=\"wp-block-column is-layout-flow wp-block-column-is-layout-flow\" style=\"padding-right:20px;padding-left:20px\">\n<details class=\"wp-block-details is-layout-flow wp-block-details-is-layout-flow\"><summary>BERG multimedia symphonic poem<\/summary>\n<p>O Poema Sinf\u00f4nico Multim\u00eddia BERG \u00e9 uma performance de live cinema onde a hist\u00f3ria \u00e9 contada atrav\u00e9s da m\u00fasica de Tony Berchmans e dos desenhos criados e manipulados pelo v\u00eddeo-artista italiano Alessio &#8220;Alt&#8221; Trillini, tudo ao vivo.<\/p>\n\n\n\n<figure class=\"wp-block-embed is-type-video is-provider-youtube wp-block-embed-youtube wp-embed-aspect-16-9 wp-has-aspect-ratio\"><div class=\"wp-block-embed__wrapper\">\n<iframe loading=\"lazy\" title=\"BERG video conceito\" width=\"500\" height=\"281\" src=\"https:\/\/www.youtube.com\/embed\/mzoqsIsUioU?feature=oembed\" frameborder=\"0\" allow=\"accelerometer; autoplay; clipboard-write; encrypted-media; gyroscope; picture-in-picture; web-share\" referrerpolicy=\"strict-origin-when-cross-origin\" allowfullscreen><\/iframe>\n<\/div><\/figure>\n<\/details>\n\n\n\n<div style=\"height:60px\" aria-hidden=\"true\" class=\"wp-block-spacer\"><\/div>\n<\/div>\n<\/div>\n\n\n\n<div style=\"height:40px\" aria-hidden=\"true\" class=\"wp-block-spacer wp-embed-aspect-16-9 wp-has-aspect-ratio\"><\/div>\n\n\n\n<hr class=\"wp-block-separator has-css-opacity is-style-wide\"\/>\n\n\n\n<div style=\"height:40px\" aria-hidden=\"true\" class=\"wp-block-spacer wp-embed-aspect-16-9 wp-has-aspect-ratio\"><\/div>\n\n\n\n<div class=\"wp-block-columns is-layout-flex wp-container-core-columns-is-layout-9d6595d7 wp-block-columns-is-layout-flex\">\n<div class=\"wp-block-column is-vertically-aligned-top is-layout-flow wp-block-column-is-layout-flow\">\n<h2 class=\"wp-block-heading is-style-small-text\" style=\"margin-top:0px;margin-right:0px;margin-bottom:0px;margin-left:0px\"><mark style=\"background-color:rgba(0, 0, 0, 0)\" class=\"has-inline-color has-main-color\">PERFORMANCE<\/mark><\/h2>\n\n\n\n<h2 class=\"wp-block-heading is-style-text-outline has-xl-font-size\" style=\"margin-top:0px;margin-right:0px;margin-bottom:20px;margin-left:0px\">CINEPIANO<\/h2>\n<\/div>\n\n\n\n<div class=\"wp-block-column is-layout-flow wp-block-column-is-layout-flow\">\n<figure class=\"wp-block-image aligncenter size-large is-style-default\"><img loading=\"lazy\" decoding=\"async\" width=\"1024\" height=\"684\" src=\"https:\/\/tonyberchmans.com.br\/wp-content\/uploads\/2024\/01\/CINEPIANO_TonyBerchmans_by_Chico_Mitre-1024x684.jpg\" alt=\"\" class=\"wp-image-109\" srcset=\"https:\/\/tonyberchmans.com.br\/wp-content\/uploads\/2024\/01\/CINEPIANO_TonyBerchmans_by_Chico_Mitre-1024x684.jpg 1024w, https:\/\/tonyberchmans.com.br\/wp-content\/uploads\/2024\/01\/CINEPIANO_TonyBerchmans_by_Chico_Mitre-300x200.jpg 300w, https:\/\/tonyberchmans.com.br\/wp-content\/uploads\/2024\/01\/CINEPIANO_TonyBerchmans_by_Chico_Mitre-768x513.jpg 768w, https:\/\/tonyberchmans.com.br\/wp-content\/uploads\/2024\/01\/CINEPIANO_TonyBerchmans_by_Chico_Mitre-1536x1026.jpg 1536w, https:\/\/tonyberchmans.com.br\/wp-content\/uploads\/2024\/01\/CINEPIANO_TonyBerchmans_by_Chico_Mitre-2048x1368.jpg 2048w, https:\/\/tonyberchmans.com.br\/wp-content\/uploads\/2024\/01\/CINEPIANO_TonyBerchmans_by_Chico_Mitre-1140x761.jpg 1140w\" sizes=\"auto, (max-width: 1024px) 100vw, 1024px\" \/><\/figure>\n<\/div>\n\n\n\n<div class=\"wp-block-column is-layout-flow wp-block-column-is-layout-flow\" style=\"padding-right:20px;padding-left:20px\">\n<details class=\"wp-block-details is-layout-flow wp-block-details-is-layout-flow\"><summary>CINEPIANO <br>tony berchmans<\/summary>\n<p>Com mais de 200 apresenta\u00e7\u00f5es realizadas no Brasil, It\u00e1lia, Portugal, Inglaterra, Noruega e Rom\u00eania, o CINEPIANO \u00e9 espet\u00e1culo audiovisual em que Tony Berchmans acompanha cl\u00e1ssicos do cinema mudo ao piano, fazendo sua trilha improvisada ao vivo, utilizando uma impressionante t\u00e9cnica de sincronismo e interpreta\u00e7\u00e3o narrativa.<\/p>\n\n\n\n<figure class=\"wp-block-embed is-type-video is-provider-youtube wp-block-embed-youtube wp-embed-aspect-16-9 wp-has-aspect-ratio\"><div class=\"wp-block-embed__wrapper\">\n<iframe loading=\"lazy\" title=\"Cinepiano Tony Berchmans\" width=\"500\" height=\"281\" src=\"https:\/\/www.youtube.com\/embed\/G27U_UjXpFo?feature=oembed\" frameborder=\"0\" allow=\"accelerometer; autoplay; clipboard-write; encrypted-media; gyroscope; picture-in-picture; web-share\" referrerpolicy=\"strict-origin-when-cross-origin\" allowfullscreen><\/iframe>\n<\/div><\/figure>\n<\/details>\n<\/div>\n<\/div>\n\n\n\n<div style=\"height:40px\" aria-hidden=\"true\" class=\"wp-block-spacer wp-embed-aspect-16-9 wp-has-aspect-ratio\"><\/div>\n\n\n\n<hr class=\"wp-block-separator has-css-opacity is-style-wide\"\/>\n\n\n\n<div style=\"height:60px\" aria-hidden=\"true\" class=\"wp-block-spacer\"><\/div>\n\n\n\n<div class=\"wp-block-columns is-layout-flex wp-container-core-columns-is-layout-9d6595d7 wp-block-columns-is-layout-flex\">\n<div class=\"wp-block-column is-layout-flow wp-block-column-is-layout-flow\">\n<h2 class=\"wp-block-heading is-style-small-text\" style=\"margin-top:0px;margin-right:0px;margin-bottom:0px;margin-left:0px\"><mark style=\"background-color:rgba(0, 0, 0, 0)\" class=\"has-inline-color has-main-color\">ORIGINAL MUSIC<\/mark><\/h2>\n\n\n\n<h2 class=\"wp-block-heading is-style-text-outline has-xl-font-size\" style=\"margin-top:0px;margin-right:0px;margin-bottom:20px;margin-left:0px\">TONY BERCHMANS<\/h2>\n<\/div>\n\n\n\n<div class=\"wp-block-column is-layout-flow wp-block-column-is-layout-flow\">\n<figure class=\"wp-block-image aligncenter size-large is-style-default\"><img loading=\"lazy\" decoding=\"async\" width=\"1024\" height=\"633\" src=\"https:\/\/tonyberchmans.com.br\/wp-content\/uploads\/2024\/02\/Screenshot-2024-02-13-at-15.51.12-1024x633.png\" alt=\"\" class=\"wp-image-201\" srcset=\"https:\/\/tonyberchmans.com.br\/wp-content\/uploads\/2024\/02\/Screenshot-2024-02-13-at-15.51.12-1024x633.png 1024w, https:\/\/tonyberchmans.com.br\/wp-content\/uploads\/2024\/02\/Screenshot-2024-02-13-at-15.51.12-300x185.png 300w, https:\/\/tonyberchmans.com.br\/wp-content\/uploads\/2024\/02\/Screenshot-2024-02-13-at-15.51.12-768x474.png 768w, https:\/\/tonyberchmans.com.br\/wp-content\/uploads\/2024\/02\/Screenshot-2024-02-13-at-15.51.12-1140x704.png 1140w, https:\/\/tonyberchmans.com.br\/wp-content\/uploads\/2024\/02\/Screenshot-2024-02-13-at-15.51.12.png 1504w\" sizes=\"auto, (max-width: 1024px) 100vw, 1024px\" \/><\/figure>\n<\/div>\n\n\n\n<div class=\"wp-block-column is-layout-flow wp-block-column-is-layout-flow\" style=\"padding-right:20px;padding-left:20px\">\n<details class=\"wp-block-details is-layout-flow wp-block-details-is-layout-flow\"><summary>ADS<\/summary>\n<p>Composi\u00e7\u00e3o de m\u00fasica original para publicidade \/ advertising<\/p>\n\n\n\n<figure class=\"wp-block-embed is-type-video is-provider-vimeo wp-block-embed-vimeo wp-embed-aspect-16-9 wp-has-aspect-ratio\"><div class=\"wp-block-embed__wrapper\">\n<iframe loading=\"lazy\" title=\"Tony Berchmans reel 2023\" src=\"https:\/\/player.vimeo.com\/video\/835416836?dnt=1&amp;app_id=122963\" width=\"500\" height=\"281\" frameborder=\"0\" allow=\"autoplay; fullscreen; picture-in-picture; clipboard-write; encrypted-media; web-share\" referrerpolicy=\"strict-origin-when-cross-origin\"><\/iframe>\n<\/div><\/figure>\n<\/details>\n\n\n\n<div style=\"height:60px\" aria-hidden=\"true\" class=\"wp-block-spacer\"><\/div>\n\n\n\n<hr class=\"wp-block-separator has-alpha-channel-opacity\"\/>\n\n\n\n<details class=\"wp-block-details is-layout-flow wp-block-details-is-layout-flow\"><summary>SOLINA<\/summary>\n<figure class=\"wp-block-embed is-type-rich is-provider-spotify wp-block-embed-spotify wp-embed-aspect-21-9 wp-has-aspect-ratio\"><div class=\"wp-block-embed__wrapper\">\n<iframe title=\"Spotify Embed: Solina (Live)\" style=\"border-radius: 12px\" width=\"100%\" height=\"152\" frameborder=\"0\" allowfullscreen allow=\"autoplay; clipboard-write; encrypted-media; fullscreen; picture-in-picture\" loading=\"lazy\" src=\"https:\/\/open.spotify.com\/embed\/track\/0RN7D6HtyWVhjDN6wEWIb1?si=15b585d3ba494ffa&amp;utm_source=oembed\"><\/iframe>\n<\/div><figcaption class=\"wp-element-caption\">Escute o \u00faltimo single de Tony Berchmans<\/figcaption><\/figure>\n<\/details>\n<\/div>\n<\/div>\n\n\n\n<div style=\"height:60px\" aria-hidden=\"true\" class=\"wp-block-spacer\"><\/div>\n\n\n\n<hr class=\"wp-block-separator has-css-opacity is-style-wide\"\/>\n\n\n\n<div style=\"height:40px\" aria-hidden=\"true\" class=\"wp-block-spacer\"><\/div>\n\n\n\n<div class=\"wp-block-columns wp-embed-aspect-16-9 wp-has-aspect-ratio is-layout-flex wp-container-core-columns-is-layout-9d6595d7 wp-block-columns-is-layout-flex\">\n<div class=\"wp-block-column is-layout-flow wp-block-column-is-layout-flow\">\n<h2 class=\"wp-block-heading is-style-small-text\" style=\"margin-top:0px;margin-right:0px;margin-bottom:0px;margin-left:0px\"><mark style=\"background-color:rgba(0, 0, 0, 0)\" class=\"has-inline-color has-main-color\">webs\u00e9rie<\/mark><\/h2>\n\n\n\n<h2 class=\"wp-block-heading is-style-text-outline has-xl-font-size\" style=\"margin-top:0px;margin-right:0px;margin-bottom:20px;margin-left:0px\">CINEPIANO SESSIONS<\/h2>\n<\/div>\n\n\n\n<div class=\"wp-block-column is-layout-flow wp-block-column-is-layout-flow\">\n<figure class=\"wp-block-image aligncenter size-large is-style-default\"><img loading=\"lazy\" decoding=\"async\" width=\"1024\" height=\"578\" src=\"https:\/\/tonyberchmans.com.br\/wp-content\/uploads\/2024\/02\/mini-1-1024x578.png\" alt=\"\" class=\"wp-image-181\" srcset=\"https:\/\/tonyberchmans.com.br\/wp-content\/uploads\/2024\/02\/mini-1-1024x578.png 1024w, https:\/\/tonyberchmans.com.br\/wp-content\/uploads\/2024\/02\/mini-1-300x169.png 300w, https:\/\/tonyberchmans.com.br\/wp-content\/uploads\/2024\/02\/mini-1-768x433.png 768w, https:\/\/tonyberchmans.com.br\/wp-content\/uploads\/2024\/02\/mini-1-1140x643.png 1140w, https:\/\/tonyberchmans.com.br\/wp-content\/uploads\/2024\/02\/mini-1.png 1280w\" sizes=\"auto, (max-width: 1024px) 100vw, 1024px\" \/><\/figure>\n<\/div>\n\n\n\n<div class=\"wp-block-column is-layout-flow wp-block-column-is-layout-flow\" style=\"padding-right:20px;padding-left:20px\">\n<details class=\"wp-block-details is-layout-flow wp-block-details-is-layout-flow\"><summary>CANAL DO YOUTUBE<\/summary>\n<p>O CINEPIANO SESSIONS \u00e9 um canal do youtube que apresenta novos arranjos para cl\u00e1ssicos temas do cinema. A cada epis\u00f3dio Tony Berchmans traz convidados especiais para colaborarem juntos na cria\u00e7\u00e3o e performance de novos arranjos de temas de filmes.<\/p>\n\n\n\n<figure class=\"wp-block-embed is-type-video is-provider-youtube wp-block-embed-youtube wp-embed-aspect-16-9 wp-has-aspect-ratio\"><div class=\"wp-block-embed__wrapper\">\n<iframe loading=\"lazy\" title=\"CINEPIANO SESSIONS\" width=\"500\" height=\"281\" src=\"https:\/\/www.youtube.com\/embed\/videoseries?list=PLwTySrNbAvGOIh_7V9UilxuF8sfHbjjlB\" frameborder=\"0\" allow=\"accelerometer; autoplay; clipboard-write; encrypted-media; gyroscope; picture-in-picture; web-share\" referrerpolicy=\"strict-origin-when-cross-origin\" allowfullscreen><\/iframe>\n<\/div><\/figure>\n<\/details>\n<\/div>\n<\/div>\n","protected":false},"excerpt":{"rendered":"<p>PERFORMANCE BERG PERFORMANCE CINEPIANO ORIGINAL MUSIC TONY BERCHMANS webs\u00e9rie CINEPIANO SESSIONS<\/p>\n","protected":false},"author":1,"featured_media":0,"parent":0,"menu_order":0,"comment_status":"closed","ping_status":"closed","template":"","meta":{"footnotes":""},"class_list":["post-81","page","type-page","status-publish","hentry","no-post-thumbnail"],"_links":{"self":[{"href":"https:\/\/tonyberchmans.com.br\/index.php?rest_route=\/wp\/v2\/pages\/81","targetHints":{"allow":["GET"]}}],"collection":[{"href":"https:\/\/tonyberchmans.com.br\/index.php?rest_route=\/wp\/v2\/pages"}],"about":[{"href":"https:\/\/tonyberchmans.com.br\/index.php?rest_route=\/wp\/v2\/types\/page"}],"author":[{"embeddable":true,"href":"https:\/\/tonyberchmans.com.br\/index.php?rest_route=\/wp\/v2\/users\/1"}],"replies":[{"embeddable":true,"href":"https:\/\/tonyberchmans.com.br\/index.php?rest_route=%2Fwp%2Fv2%2Fcomments&post=81"}],"version-history":[{"count":23,"href":"https:\/\/tonyberchmans.com.br\/index.php?rest_route=\/wp\/v2\/pages\/81\/revisions"}],"predecessor-version":[{"id":312,"href":"https:\/\/tonyberchmans.com.br\/index.php?rest_route=\/wp\/v2\/pages\/81\/revisions\/312"}],"wp:attachment":[{"href":"https:\/\/tonyberchmans.com.br\/index.php?rest_route=%2Fwp%2Fv2%2Fmedia&parent=81"}],"curies":[{"name":"wp","href":"https:\/\/api.w.org\/{rel}","templated":true}]}}