{"id":83,"date":"2024-01-20T12:21:42","date_gmt":"2024-01-20T15:21:42","guid":{"rendered":"https:\/\/tonyberchmans.com.br\/?page_id=83"},"modified":"2026-01-31T07:19:32","modified_gmt":"2026-01-31T10:19:32","slug":"typography","status":"publish","type":"page","link":"https:\/\/tonyberchmans.com.br\/?page_id=83","title":{"rendered":"Tony Berchmans"},"content":{"rendered":"\n\n\n<div class=\"wp-block-columns  are-vertically-aligned-center cols-single-sm gap-20 l m is-layout-flex wp-container-core-columns-is-layout-9d6595d7 wp-block-columns-is-layout-flex\">\n<div class=\"wp-block-column is-vertically-aligned-top is-layout-flow wp-block-column-is-layout-flow\">\n<figure class=\"wp-block-image size-full mb-0\"><img loading=\"lazy\" decoding=\"async\" width=\"405\" height=\"720\" src=\"https:\/\/tonyberchmans.com.br\/wp-content\/uploads\/2024\/02\/Tony_by_Alexia_Santi-edited.jpg\" alt=\"\" class=\"wp-image-162\" srcset=\"https:\/\/tonyberchmans.com.br\/wp-content\/uploads\/2024\/02\/Tony_by_Alexia_Santi-edited.jpg 405w, https:\/\/tonyberchmans.com.br\/wp-content\/uploads\/2024\/02\/Tony_by_Alexia_Santi-edited-169x300.jpg 169w\" sizes=\"auto, (max-width: 405px) 100vw, 405px\" \/><\/figure>\n<\/div>\n\n\n\n<div class=\"wp-block-column is-vertically-aligned-top p-2 is-layout-flow wp-block-column-is-layout-flow\" style=\"flex-basis:60%\">\n<h2 class=\"wp-block-heading mb-0\"><span style=\"background-color:rgba(0, 0, 0, 0)\" class=\"has-inline-color has-main-color\">Bio<\/span><\/h2>\n\n\n\n<p>Compositor, pianista, produtor musical, professor especialista em m\u00fasica de cinema, Tony Berchmans Canto iniciou sua forma\u00e7\u00e3o musical aos 7 anos de idade, tendo estudado piano, violoncelo, flauta e teoria musical. Ingressou na \u00e1rea de produ\u00e7\u00e3o musical como tecladista, compositor, arranjador e t\u00e9cnico de grava\u00e7\u00e3o.<\/p>\n\n\n\n<p>Engenheiro p\u00f3s-graduado em Comunica\u00e7\u00e3o pela ESPM-SP, desde 1992 trabalha no mercado de produ\u00e7\u00e3o fonogr\u00e1fica, coordenando, compondo e produzindo som para r\u00e1dio, tv, cinema, internet e em centenas de projetos comerciais. Ap\u00f3s atuar por 7 anos na produtora Lua Nova, passou 15 anos como produtor associado da Sound Design e atualmente \u00e9 produtor associado da Punch Audio, premiada produtora do mercado publicit\u00e1rio. Trabalhou para marcas como GM, Johnson&amp;Johnson, Unilever, Procter&amp;Gamble, Apple, Fiat, Ita\u00fa, Volkswagen, NET, McDonalds, O Botic\u00e1rio, Amazon, Renault, Google, Netflix, entre centenas de outras.<\/p>\n\n\n\n<p>Participou como m\u00fasico instrumentista de discos e shows de artistas como Celso Pixinga, Fernando Forni, Lupa Mabuze, Paulo Carvalho, Tokyo Savanah, Bazar Pamplona, P\u00e9lico, Cesare Malfatti, entre outros.<\/p>\n\n\n\n<p>Produziu um CD de seu projeto de m\u00fasica downtempo intitulado &#8220;Hi-Pass&#8221;, trilhas sonoras para v\u00e1rios curtas-metragens como &#8220;O Retrato da Felicidade&#8221;, com Ana Lucia Torres e Wagner Molina, e comp\u00f4s a m\u00fasica original para o longa &#8220;Amores Imperfeitos&#8221; de M\u00e1rcio de Lemos.<\/p>\n\n\n\n<p>Por ser um grande conhecedor dos bastidores da composi\u00e7\u00e3o musical para cinema e estudioso do tema, em 2006 lan\u00e7ou o livro: &#8220;A M\u00daSICA DO FILME &#8211; Tudo o que voc\u00ea gostaria de saber sobre a M\u00fasica de Cinema&#8221;, pela Escrituras Editora, hoje em sua 5\u00aa edi\u00e7\u00e3o.<\/p>\n\n\n\n<p>Em 2007, foi o curador do \u201cM\u00fasica em Cena &#8211; 1\u00ba Encontro Internacional de M\u00fasica de Cinema\u201d, grandioso e pioneiro evento realizado no Rio de Janeiro que contou com a participa\u00e7\u00e3o de importantes nomes da m\u00fasica de cinema como Ennio Morricone, Gustavo Santaolalla, Antonio Pinto, entre muitos outros. Por dez anos foi membro votante da WSA Academy (World Soundtrack Awards &#8211; B\u00e9lgica)&nbsp; e frequentemente participa de festivais e eventos relacionados ao tema.<\/p>\n\n\n\n<p>Profere palestras e workshops sobre produ\u00e7\u00e3o musical em institui\u00e7\u00f5es como SESC, PUC\/SP, ESPM, FAAP, Unip, MIS\/SP e foi professor de p\u00f3s gradua\u00e7\u00e3o no curso de Trilha Sonora para Cinema e TV da Universidade Anhembi-Morumbi. Ao lado do professor Nelson Guarniero, criou o programa sobre o universo da m\u00fasica de cinema &#8220;Cena Sonora&#8221; na R\u00e1dio Faap.<\/p>\n\n\n\n<p>Em 2011 criou o espet\u00e1culo audiovisual CINEPIANO Tony Berchmans e desde ent\u00e3o j\u00e1 realizou mais de 200 concertos em prestigiadas institui\u00e7\u00f5es culturais brasileiras como SESC, SESI, MIS\/SP, em festivais como a Mostra Internacional de Cinema de SP, teatros como o Teatro Amazonas (Manaus), Teatro Faap, Teatro Porto Seguro (S\u00e3o Paulo), CineTeatro S\u00e3o Luiz (Fortaleza) Teatro Guairinha (Curitiba), al\u00e9m de participa\u00e7\u00f5es em festivais no exterior como o NATTJazz (Tradicional festival de Jazz da Noruega), o TIFF-Transilvania International Film Festival (Maior evento de cinema da Rom\u00eania), o Wide Skies Film Festival (Hexham &#8211; Inglaterra), o Piano City Lecce (Italia) e o Cinema Museum, de Londres.<\/p>\n\n\n\n<p>Em 2018 iniciou a s\u00e9rie de videos &#8220;CINEPIANO Sessions&#8221;, em que cria novos arranjos para temas cl\u00e1ssicos do cinema com convidados especiais: www.youtube.com\/cinepiano<\/p>\n\n\n\n<p>Atualmente vive em Napoli (It\u00e1lia) onde comp\u00f5e m\u00fasica original para audiovisual e cria novos projetos de live performance multim\u00eddia. <br>Em 2024 estreou sua nova performance audivisual BERG Poema Sinf\u00f4nico Multim\u00eddia, criado em parceria com o videoartista italiano Alessio &#8220;Alt&#8221; Trillini.<\/p>\n<\/div>\n<\/div>\n\n\n\n<div style=\"height:100px\" aria-hidden=\"true\" class=\"wp-block-spacer\"><\/div>\n\n\n\n<div class=\"wp-block-media-text is-stacked-on-mobile\"><figure class=\"wp-block-media-text__media\"><img loading=\"lazy\" decoding=\"async\" width=\"480\" height=\"689\" src=\"https:\/\/tonyberchmans.com.br\/wp-content\/uploads\/2024\/01\/amusicadofilme_capa.jpg\" alt=\"\" class=\"wp-image-151 size-full\" srcset=\"https:\/\/tonyberchmans.com.br\/wp-content\/uploads\/2024\/01\/amusicadofilme_capa.jpg 480w, https:\/\/tonyberchmans.com.br\/wp-content\/uploads\/2024\/01\/amusicadofilme_capa-209x300.jpg 209w\" sizes=\"auto, (max-width: 480px) 100vw, 480px\" \/><\/figure><div class=\"wp-block-media-text__content\">\n<h2 class=\"wp-block-heading mb-0\"><span style=\"background-color:rgba(0, 0, 0, 0)\" class=\"has-inline-color has-main-color\">Livro<\/span><\/h2>\n\n\n\n<h2 class=\"wp-block-heading mb-0\">A M\u00daSICA DO FILME<\/h2>\n\n\n\n<p>Tudo o que voc\u00ea gostaria de saber sobre a m\u00fasica de cinema<\/p>\n\n\n\n<h5 class=\"wp-block-heading\">Trecho do Pref\u00e1cio de Rubens Ewald Filho:<\/h5>\n\n\n\n<p class=\"has-text-align-left\">\u201c\u00c9 incr\u00edvel como a m\u00fasica de um filme \u00e9 capaz de apertar um bot\u00e3o de nossa sensibilidade que nos faz viajar imediatamente para outro tempo. Deixe Tony ser seu guia com seu estilo claro, suas informa\u00e7\u00f5es saborosas, seu senso de humor e sua precis\u00e3o nos detalhes. Este \u00e9 um daqueles livros que voc\u00ea vai ler com prazer e retornar para consult\u00e1-lo, como os bons filmes e as boas trilhas.\u201d<\/p>\n<\/div><\/div>\n\n\n\n<div class=\"wp-block-group is-layout-flow wp-block-group-is-layout-flow\">\n<hr class=\"wp-block-separator has-alpha-channel-opacity is-style-wide\"\/>\n\n\n\n<div style=\"height:36px\" aria-hidden=\"true\" class=\"wp-block-spacer\"><\/div>\n\n\n\n<h2 class=\"wp-block-heading mb-0\"><span style=\"background-color:rgba(0, 0, 0, 0)\" class=\"has-inline-color has-main-color\">Professor<\/span><\/h2>\n<\/div>\n\n\n\n<div class=\"wp-block-columns  cols-shadow-hover cols-padding cols-single-sm gap-30 pt-2 pb-3 is-layout-flex wp-container-core-columns-is-layout-9d6595d7 wp-block-columns-is-layout-flex\">\n<div class=\"wp-block-column is-layout-flow wp-block-column-is-layout-flow\">\n<figure class=\"wp-block-image alignwide size-full\"><img loading=\"lazy\" decoding=\"async\" width=\"388\" height=\"194\" src=\"https:\/\/tonyberchmans.com.br\/wp-content\/uploads\/2024\/02\/masterclasses-1.webp\" alt=\"\" class=\"wp-image-172\" srcset=\"https:\/\/tonyberchmans.com.br\/wp-content\/uploads\/2024\/02\/masterclasses-1.webp 388w, https:\/\/tonyberchmans.com.br\/wp-content\/uploads\/2024\/02\/masterclasses-1-300x150.webp 300w\" sizes=\"auto, (max-width: 388px) 100vw, 388px\" \/><\/figure>\n\n\n\n<h3 class=\"wp-block-heading has-text-align-center mt-1 mb-0\">Cursos e Masterclasses <\/h3>\n\n\n\n<h6 class=\"wp-block-heading has-text-align-center mt-0 mb-1 has-main-color has-text-color\">&#8220;A M\u00fasica do Filme&#8221;<\/h6>\n\n\n\n<p class=\"has-text-align-center mb-0\">Ministra cursos e masterclasses em diversas institui\u00e7\u00f5es como Cinesesc, MIS-SP, Espa\u00e7o Ita\u00fa de Cinema, e unidades do SESC-SP.<\/p>\n<\/div>\n\n\n\n<div class=\"wp-block-column is-layout-flow wp-block-column-is-layout-flow\">\n<figure class=\"wp-block-image alignwide size-full\"><img loading=\"lazy\" decoding=\"async\" width=\"388\" height=\"194\" src=\"https:\/\/tonyberchmans.com.br\/wp-content\/uploads\/2024\/02\/curadoria.webp\" alt=\"\" class=\"wp-image-173\" srcset=\"https:\/\/tonyberchmans.com.br\/wp-content\/uploads\/2024\/02\/curadoria.webp 388w, https:\/\/tonyberchmans.com.br\/wp-content\/uploads\/2024\/02\/curadoria-300x150.webp 300w\" sizes=\"auto, (max-width: 388px) 100vw, 388px\" \/><figcaption class=\"wp-element-caption\">Ennio Morricone e Tony Berchmans<\/figcaption><\/figure>\n\n\n\n<h3 class=\"wp-block-heading has-text-align-center mt-1 mb-0\">Curadoria<\/h3>\n\n\n\n<h6 class=\"wp-block-heading has-text-align-center mt-0 mb-1 has-main-color has-text-color\">Festivais de Trilha Sonora<\/h6>\n\n\n\n<p>Tony foi o curador do &#8220;M\u00fasica em Cena &#8211; 1\u00ba Encontro Internacional de M\u00fasica de Cinema&#8221;, evento realizado em 2007 no Rio de Janeiro. <\/p>\n<\/div>\n\n\n\n<div class=\"wp-block-column is-layout-flow wp-block-column-is-layout-flow\">\n<figure class=\"wp-block-image alignwide size-full\"><img loading=\"lazy\" decoding=\"async\" width=\"330\" height=\"194\" src=\"https:\/\/tonyberchmans.com.br\/wp-content\/uploads\/2024\/02\/oficinas-pontos-mis.webp\" alt=\"\" class=\"wp-image-171\" srcset=\"https:\/\/tonyberchmans.com.br\/wp-content\/uploads\/2024\/02\/oficinas-pontos-mis.webp 330w, https:\/\/tonyberchmans.com.br\/wp-content\/uploads\/2024\/02\/oficinas-pontos-mis-300x176.webp 300w\" sizes=\"auto, (max-width: 330px) 100vw, 330px\" \/><\/figure>\n\n\n\n<h3 class=\"wp-block-heading has-text-align-center mt-1 mb-0\">Oficinas <\/h3>\n\n\n\n<h6 class=\"wp-block-heading has-text-align-center mt-0 mb-1 has-main-color has-text-color\">Pontos MIS<\/h6>\n\n\n\n<p class=\"has-text-align-center mb-0\">Participou do projeto Pontos MIS-SP com sua oficina &#8220;Das Origens aos novos olhares sobre a m\u00fasica de cinema&#8221; e passou por mais de 60 cidades do interior paulista.<\/p>\n<\/div>\n\n\n\n<div class=\"wp-block-column is-layout-flow wp-block-column-is-layout-flow\">\n<figure class=\"wp-block-image alignwide size-full\"><img loading=\"lazy\" decoding=\"async\" width=\"388\" height=\"194\" src=\"https:\/\/tonyberchmans.com.br\/wp-content\/uploads\/2024\/02\/curso.webp\" alt=\"\" class=\"wp-image-174\" srcset=\"https:\/\/tonyberchmans.com.br\/wp-content\/uploads\/2024\/02\/curso.webp 388w, https:\/\/tonyberchmans.com.br\/wp-content\/uploads\/2024\/02\/curso-300x150.webp 300w\" sizes=\"auto, (max-width: 388px) 100vw, 388px\" \/><\/figure>\n\n\n\n<h3 class=\"wp-block-heading has-text-align-center mt-1 mb-0\">P\u00f3s-Gradua\u00e7\u00e3o<\/h3>\n\n\n\n<h6 class=\"wp-block-heading has-text-align-center mt-0 mb-1 has-main-color has-text-color\">Anhembi-Morumbi<\/h6>\n\n\n\n<p class=\"has-text-align-center mb-0\">Fez parte do corpo docente da p\u00f3s-gradua\u00e7\u00e3o em Trilha Sonora para Cinema e TV, coordenada pelo professor Guilherme Maximiano, na Universidade Anhembi-Morumbi.<\/p>\n<\/div>\n<\/div>\n","protected":false},"excerpt":{"rendered":"<p>Bio Compositor, pianista, produtor musical, professor especialista em m\u00fasica de cinema, Tony Berchmans Canto iniciou sua forma\u00e7\u00e3o musical aos 7<span class=\"more-dots\">&#8230;<\/span><\/p>\n","protected":false},"author":1,"featured_media":0,"parent":0,"menu_order":0,"comment_status":"closed","ping_status":"closed","template":"","meta":{"footnotes":""},"class_list":["post-83","page","type-page","status-publish","hentry","no-post-thumbnail"],"_links":{"self":[{"href":"https:\/\/tonyberchmans.com.br\/index.php?rest_route=\/wp\/v2\/pages\/83","targetHints":{"allow":["GET"]}}],"collection":[{"href":"https:\/\/tonyberchmans.com.br\/index.php?rest_route=\/wp\/v2\/pages"}],"about":[{"href":"https:\/\/tonyberchmans.com.br\/index.php?rest_route=\/wp\/v2\/types\/page"}],"author":[{"embeddable":true,"href":"https:\/\/tonyberchmans.com.br\/index.php?rest_route=\/wp\/v2\/users\/1"}],"replies":[{"embeddable":true,"href":"https:\/\/tonyberchmans.com.br\/index.php?rest_route=%2Fwp%2Fv2%2Fcomments&post=83"}],"version-history":[{"count":15,"href":"https:\/\/tonyberchmans.com.br\/index.php?rest_route=\/wp\/v2\/pages\/83\/revisions"}],"predecessor-version":[{"id":314,"href":"https:\/\/tonyberchmans.com.br\/index.php?rest_route=\/wp\/v2\/pages\/83\/revisions\/314"}],"wp:attachment":[{"href":"https:\/\/tonyberchmans.com.br\/index.php?rest_route=%2Fwp%2Fv2%2Fmedia&parent=83"}],"curies":[{"name":"wp","href":"https:\/\/api.w.org\/{rel}","templated":true}]}}